{"id":15,"date":"2011-03-25T22:16:36","date_gmt":"2011-03-25T21:16:36","guid":{"rendered":"http:\/\/horstt.de\/?page_id=15"},"modified":"2017-06-12T09:48:23","modified_gmt":"2017-06-12T07:48:23","slug":"horstt-zum-gruss","status":"publish","type":"page","link":"https:\/\/horstt.de\/","title":{"rendered":"Horstt zum Gruss!"},"content":{"rendered":"<h3 style=\"text-align: justify;\"><span style=\"color: #333399;\">Immer wieder&#8230;<\/span><\/h3>\n<p style=\"text-align: justify;\"><span style=\"color: #333399;\">&#8230;trifft man Leute, die meinen, Golf spiele man zum Spass. Mit dieser vollkommen falschen Einstellung wollen wir endlich aufr\u00e4umen. Golf muss verbissen angegangen werden. Verbissenheit ist kein Geschenk des Himmels &#8211; sie muss hart erarbeitet werden, einge\u00fcbt werden. Das ist nicht anders als bei der Handrotation, dem Chip oder dem Golfschuhbinden. In diesem Geiste haben wir diese Seite erschaffen.<\/span><\/p>\n<h3 style=\"text-align: justify;\">In eigener Sache<\/h3>\n<h2>Exklusivinterview mit Hubert Gitarrenverst\u00e4rker<\/h2><ul class=\"lcp_catlist\" id=\"lcp_instance_0\"><li><div class=\"lcp_content\">\n<p><em>Wie sind Sie zum Gitarrenspielen gekommen?<\/em><br>Ich spiele gar keine Gitarre.<\/p>\n\n\n\n<div class=\"wp-block-columns is-layout-flex wp-container-core-columns-is-layout-9d6595d7 wp-block-columns-is-layout-flex\">\n<div class=\"wp-block-column is-layout-flow wp-block-column-is-layout-flow\">\n<p><em>Aber \u2026?<\/em><br>Vermutlich eine Verwechslung aufgrund meines Nachnamens. Mein Vater ist aus den USA nach Deutschland eingewandert. Urspr\u00fcnglich hie\u00dfen wir &#8222;Marshall&#8220;. Die beh\u00f6rdliche Eindeutschung lautete &#8222;Gitarrenverst\u00e4rker&#8220;.<\/p>\n\n\n\n<p><em>Ich verstehe &#8211; sie haben aus dem Nachnamen Ihrer Vorfahren ein Hobby gemacht. So wie andere ihr Hobby zum Beruf machen.<\/em><br>Ja, genau. Mein Hobby verstehe ich aber als Berufung.<\/p>\n\n\n\n<p><em>Aber das Berufsbild des &#8222;Marshalls&#8220; gibt es in Deutschland doch gar nicht.<\/em><br>Sie haben recht. Das war nat\u00fcrlich ein Handikap. Mindestens von 9,7.<\/p>\n\n\n\n<p><em>Wie sind Sie zum Golfspielen gekommen?<\/em><br>Ich spiele gar kein Golf.<\/p>\n<\/div>\n\n\n\n<div class=\"wp-block-column is-layout-flow wp-block-column-is-layout-flow\">\n<figure class=\"wp-block-image size-full is-resized is-style-default\"><a href=\"http:\/\/horstt.de\/wp-content\/uploads\/Conair-Marshal-e1755468014221.jpg\"><img loading=\"lazy\" decoding=\"async\" width=\"325\" height=\"400\" src=\"http:\/\/horstt.de\/wp-content\/uploads\/Conair-Marshal-e1755468014221.jpg\" alt=\"\" class=\"wp-image-804\" style=\"width:356px;height:auto\" srcset=\"https:\/\/horstt.de\/wp-content\/uploads\/Conair-Marshal-e1755468014221.jpg 325w, https:\/\/horstt.de\/wp-content\/uploads\/Conair-Marshal-e1755468014221-244x300.jpg 244w\" sizes=\"auto, (max-width: 325px) 100vw, 325px\" \/><\/a><figcaption class=\"wp-element-caption\"><sup>Quelle: <a href=\"https:\/\/upload.wikimedia.org\/wikipedia\/commons\/5\/5c\/Conair-Marshal.jpg\">Conair-Marshal.jpg<\/a>. Lizenz: public domain<\/sup><\/figcaption><\/figure>\n<\/div>\n<\/div>\n\n\n\n<p><em>Aber &#8230;?<\/em><br>Vermutlich eine Verwechslung aufgrund des erw\u00e4hnten Handikaps bei der Einf\u00fchrung des Berufsbild &#8222;Marshall&#8220;. Dieses Mi\u00dfverst\u00e4ndnis hat auch zur Aufnahme in einen Golfclub, dessen Namen ich nicht nennen m\u00f6chte, gef\u00fchrt. Als sie dann gemerkt haben, da\u00df ich ich diese Sport gar nicht beherrsche, wurde ich gefragt: &#8222;Was machen wir denn jetzt?&#8220; Meine Antwort war, ich k\u00f6nne ja Golf <em>fahren<\/em>. Nun besa\u00df der Golfclub unverst\u00e4ndlicherweise keinen Golf, nur elektrobetriebene Caddies. Da stellten sie mir die n\u00e4chste unangenehme Frage: &#8222;Warum solltest Du Caddie fahren?&#8220; Meine hinterlistige Gegenfrage lautete, ob sie denn einen Marshall h\u00e4tten. So wurde ich zum allerersten Marshall in einem deutschen Golfclub.<\/p>\n\n\n\n<p><em>Herzlichen Gl\u00fcckwunsch! Was macht denn so ein Marshall?<\/em><br>Na, Rockgitarren verst\u00e4rken!<\/p>\n\n\n\n<p><em>Nein, ich meine, was machen Sie als Marshall?<\/em><br>Achso. Nun, ich fahre freundlich \u00fcber den Golfplatz und \u00fcberwache bei Bedarf Preis- Etiketten, selbst erfundene Regeln und Geschwindigkeitsbegrenzungen &#8211; sofern das sinnvoll ist.<\/p>\n\n\n\n<p><em>Ist das denn notwendig?<\/em><br>mirdochegal.<\/p>\n\n\n\n<p><em>Wir danken f\u00fcr das Gespr\u00e4ch.<\/em><\/p>\n<\/div><\/li><\/ul>\n<h4>alle eigenen Sachen:<\/h4>\n<ul class=\"lcp_catlist\" id=\"lcp_instance_0\"><li><a href=\"https:\/\/horstt.de\/?p=753\">Exklusivinterview mit Hubert Gitarrenverst\u00e4rker<\/a><\/li><li><a href=\"https:\/\/horstt.de\/?p=706\">HST CUP Regularien 2016<\/a><\/li><li><a href=\"https:\/\/horstt.de\/?p=651\">HST CUP 2015<\/a><\/li><li><a href=\"https:\/\/horstt.de\/?p=634\">Schl\u00e4germikado<\/a><\/li><li><a href=\"https:\/\/horstt.de\/?p=621\">Unendliche Weiten (wo ist der Ball?)<\/a><\/li><li><a href=\"https:\/\/horstt.de\/?p=604\">Horstt spielt Golf<\/a><\/li><li><a href=\"https:\/\/horstt.de\/?p=562\">&#8222;Mulligan&#8220; ist doch \u00fcbersetzbar.<\/a><\/li><li><a href=\"https:\/\/horstt.de\/?p=551\">Kein Wiener Ball!<\/a><\/li><li><a href=\"https:\/\/horstt.de\/?p=526\">We have got balls!<\/a><\/li><li><a href=\"https:\/\/horstt.de\/?p=510\">17.05.2012<\/a><\/li><\/ul>\n<h3>Alle Artikel:<\/h3>\n<ul class=\"lcp_catlist\" id=\"lcp_instance_0\"><li><a href=\"https:\/\/horstt.de\/?p=562\">&#8222;Mulligan&#8220; ist doch \u00fcbersetzbar.<\/a><\/li><li><a href=\"https:\/\/horstt.de\/?p=314\">&#8222;Sch.. auf Technik!&#8220;<\/a><\/li><li><a href=\"https:\/\/horstt.de\/?p=533\">(\u00dcber)FliegerHorstt<\/a><\/li><li><a href=\"https:\/\/horstt.de\/?p=470\">01.04.2012<\/a><\/li><li><a href=\"https:\/\/horstt.de\/?p=467\">09.04.2012<\/a><\/li><li><a href=\"https:\/\/horstt.de\/?p=510\">17.05.2012<\/a><\/li><li><a href=\"https:\/\/horstt.de\/?p=187\">Berechtigung zum cholerischen Anfall<\/a><\/li><li><a href=\"https:\/\/horstt.de\/?p=320\">Der Durchspieler<\/a><\/li><li><a href=\"https:\/\/horstt.de\/?p=77\">Der Wille eines Tee muss gebrochen werden!<\/a><\/li><li><a href=\"https:\/\/horstt.de\/?p=222\">Die Erlauchten<\/a><\/li><li><a href=\"https:\/\/horstt.de\/?p=261\">Durchwinken<\/a><\/li><li><a href=\"https:\/\/horstt.de\/?p=152\">Ehre<\/a><\/li><li><a href=\"https:\/\/horstt.de\/?p=193\">Ein Ball, der sichtbar ist, ist auch spielbar.<\/a><\/li><li><a href=\"https:\/\/horstt.de\/?p=175\">Einspruchsverfahrensanweisungen beim Score<\/a><\/li><li><a href=\"https:\/\/horstt.de\/?p=753\">Exklusivinterview mit Hubert Gitarrenverst\u00e4rker<\/a><\/li><li><a href=\"https:\/\/horstt.de\/?p=297\">Gedenksekunden f\u00fcr gefallene Kameraden<\/a><\/li><li><a href=\"https:\/\/horstt.de\/?p=219\">Gesch\u00e4ftsbedingungen<\/a><\/li><li><a href=\"https:\/\/horstt.de\/?p=181\">Gru\u00dfpflicht<\/a><\/li><li><a href=\"https:\/\/horstt.de\/?p=328\">Horstt proudly presents&#8230;<\/a><\/li><li><a href=\"https:\/\/horstt.de\/?p=604\">Horstt spielt Golf<\/a><\/li><li><a href=\"https:\/\/horstt.de\/?p=173\">Horstt Zett Weihnachtsfeier, Horstt Zett Ball<\/a><\/li><li><a href=\"https:\/\/horstt.de\/?p=651\">HST CUP 2015<\/a><\/li><li><a href=\"https:\/\/horstt.de\/?p=706\">HST CUP Regularien 2016<\/a><\/li><li><a href=\"https:\/\/horstt.de\/?p=293\">Ist der Crash vermeidbar?<\/a><\/li><li><a href=\"https:\/\/horstt.de\/?p=551\">Kein Wiener Ball!<\/a><\/li><li><a href=\"https:\/\/horstt.de\/?p=167\">Lebensmotto<\/a><\/li><li><a href=\"https:\/\/horstt.de\/?p=353\">Meldung 01.04.2012: Thema Turnier<\/a><\/li><li><a href=\"https:\/\/horstt.de\/?p=259\">Mitglied werden<\/a><\/li><li><a href=\"https:\/\/horstt.de\/?p=475\">Projekt 300<\/a><\/li><li><a href=\"https:\/\/horstt.de\/?p=531\">Review: Horstt-zertifizierter Ball<\/a><\/li><li><a href=\"https:\/\/horstt.de\/?p=280\">Sagen Sie nie &#8222;Arschloch&#8220;!<\/a><\/li><li><a href=\"https:\/\/horstt.de\/?p=246\">Sammlertasse Winteredition (Prototyp)<\/a><\/li><li><a href=\"https:\/\/horstt.de\/?p=634\">Schl\u00e4germikado<\/a><\/li><li><a href=\"https:\/\/horstt.de\/?p=787\">Schl\u00e4gerverleih<\/a><\/li><li><a href=\"https:\/\/horstt.de\/?p=27\">Scores<\/a><\/li><li><a href=\"https:\/\/horstt.de\/?p=102\">So geht Golf!<\/a><\/li><li><a href=\"https:\/\/horstt.de\/?p=183\">Trinkspruch<\/a><\/li><li><a href=\"https:\/\/horstt.de\/?p=100\">\u00dcber den Kampf zum Spiel!<\/a><\/li><li><a href=\"https:\/\/horstt.de\/?p=332\">Und gewonnen hat &#8230;<\/a><\/li><li><a href=\"https:\/\/horstt.de\/?p=621\">Unendliche Weiten (wo ist der Ball?)<\/a><\/li><li><a href=\"https:\/\/horstt.de\/?p=526\">We have got balls!<\/a><\/li><li><a href=\"https:\/\/horstt.de\/?p=262\">Wie werde ich Mitglied?<\/a><\/li><li><a href=\"https:\/\/horstt.de\/?p=107\">Wieso &#8222;Horstt&#8220; mit Doppel-&#8222;t&#8220;?<\/a><\/li><\/ul>\n","protected":false},"excerpt":{"rendered":"<p>Immer wieder&#8230; &#8230;trifft man Leute, die meinen, Golf spiele man zum Spass. Mit dieser vollkommen falschen Einstellung wollen wir endlich aufr\u00e4umen. Golf muss verbissen angegangen werden. Verbissenheit ist kein Geschenk des Himmels &#8211; sie muss hart erarbeitet werden, einge\u00fcbt werden. Das ist nicht anders als bei der Handrotation, dem Chip oder dem Golfschuhbinden. In diesem &#8230; <a title=\"Horstt zum Gruss!\" class=\"read-more\" href=\"https:\/\/horstt.de\/\" aria-label=\"Mehr Informationen \u00fcber Horstt zum Gruss!\">Weiterlesen<\/a><\/p>\n","protected":false},"author":2,"featured_media":125,"parent":0,"menu_order":0,"comment_status":"open","ping_status":"open","template":"","meta":{"generate_page_header":"","footnotes":""},"class_list":["post-15","page","type-page","status-publish","has-post-thumbnail"],"_links":{"self":[{"href":"https:\/\/horstt.de\/index.php?rest_route=\/wp\/v2\/pages\/15","targetHints":{"allow":["GET"]}}],"collection":[{"href":"https:\/\/horstt.de\/index.php?rest_route=\/wp\/v2\/pages"}],"about":[{"href":"https:\/\/horstt.de\/index.php?rest_route=\/wp\/v2\/types\/page"}],"author":[{"embeddable":true,"href":"https:\/\/horstt.de\/index.php?rest_route=\/wp\/v2\/users\/2"}],"replies":[{"embeddable":true,"href":"https:\/\/horstt.de\/index.php?rest_route=%2Fwp%2Fv2%2Fcomments&post=15"}],"version-history":[{"count":78,"href":"https:\/\/horstt.de\/index.php?rest_route=\/wp\/v2\/pages\/15\/revisions"}],"predecessor-version":[{"id":774,"href":"https:\/\/horstt.de\/index.php?rest_route=\/wp\/v2\/pages\/15\/revisions\/774"}],"wp:featuredmedia":[{"embeddable":true,"href":"https:\/\/horstt.de\/index.php?rest_route=\/wp\/v2\/media\/125"}],"wp:attachment":[{"href":"https:\/\/horstt.de\/index.php?rest_route=%2Fwp%2Fv2%2Fmedia&parent=15"}],"curies":[{"name":"wp","href":"https:\/\/api.w.org\/{rel}","templated":true}]}}